{"id":386,"date":"2018-01-07T00:05:04","date_gmt":"2018-01-06T17:05:04","guid":{"rendered":"https:\/\/giasudaynhac.com\/?page_id=386"},"modified":"2025-06-18T01:05:38","modified_gmt":"2025-06-17T18:05:38","slug":"trang-chu","status":"publish","type":"page","link":"https:\/\/giasudaynhac.com\/","title":{"rendered":"GIA S\u01af \u00c2M NH\u1ea0C &#8211; TP.HCM"},"content":{"rendered":"\n<figure class=\"wp-block-image size-full\"><a href=\"https:\/\/giasudaynhac.com\/wp-content\/uploads\/2019\/08\/z4195348034648_c9b0d4acbdf44208c5a33ae968095992.jpg\"><img loading=\"lazy\" decoding=\"async\" width=\"1280\" height=\"960\" src=\"https:\/\/giasudaynhac.com\/wp-content\/uploads\/2019\/08\/z4195348034648_c9b0d4acbdf44208c5a33ae968095992.jpg\" alt=\"\" class=\"wp-image-1543\" srcset=\"https:\/\/giasudaynhac.com\/wp-content\/uploads\/2019\/08\/z4195348034648_c9b0d4acbdf44208c5a33ae968095992.jpg 1280w, https:\/\/giasudaynhac.com\/wp-content\/uploads\/2019\/08\/z4195348034648_c9b0d4acbdf44208c5a33ae968095992-300x225.jpg 300w, https:\/\/giasudaynhac.com\/wp-content\/uploads\/2019\/08\/z4195348034648_c9b0d4acbdf44208c5a33ae968095992-768x576.jpg 768w, https:\/\/giasudaynhac.com\/wp-content\/uploads\/2019\/08\/z4195348034648_c9b0d4acbdf44208c5a33ae968095992-1024x768.jpg 1024w\" sizes=\"auto, (max-width: 1280px) 100vw, 1280px\" \/><\/a><\/figure>\n\n\n\n<h2 class=\"wp-block-heading\"><strong> \u0110\u1ed9i ng\u0169 gi\u00e1o vi\u00ean, ngh\u1ec7 s\u0129 chuy\u00ean nghi\u1ec7p, gi\u1ea3ng d\u1ea1y t\u1ea1i nh\u00e0<\/strong><\/h2>\n\n\n\n<p>B\u1ea1n \u0111ang t\u00ecm ki\u1ebfm <strong>gia s\u01b0 \u00e2m nh\u1ea1c<\/strong> chuy\u00ean nghi\u1ec7p t\u1ea1i TP.HCM? Trung t\u00e2m <strong>GIA S\u01af \u00c2M NH\u1ea0C &#8211; TP.HCM<\/strong> ch\u00ednh l\u00e0 l\u1ef1a ch\u1ecdn h\u00e0ng \u0111\u1ea7u d\u00e0nh cho b\u1ea1n \u2013 n\u01a1i quy t\u1ee5 \u0111\u1ed9i ng\u0169 gi\u1ea3ng vi\u00ean, sinh vi\u00ean, ngh\u1ec7 s\u0129 \u0111\u01b0\u1ee3c \u0111\u00e0o t\u1ea1o b\u00e0i b\u1ea3n t\u1eeb <strong>Nh\u1ea1c Vi\u1ec7n TP.HCM<\/strong>, <strong>H\u1ecdc vi\u1ec7n \u00c2m nh\u1ea1c Qu\u1ed1c gia<\/strong>, v\u00e0 c\u00e1c c\u01a1 s\u1edf \u0111\u00e0o t\u1ea1o ngh\u1ec7 thu\u1eadt uy t\u00edn tr\u00ean c\u1ea3 n\u01b0\u1edbc.<\/p>\n\n\n<h2 style=\"text-align: center;\"><a href=\"https:\/\/giasudaynhac.com\/wp-content\/uploads\/2025\/06\/IMG_5049.jpg\" rel=\"attachment wp-att-1918\"><img loading=\"lazy\" decoding=\"async\" class=\"alignnone size-full wp-image-1918\" src=\"https:\/\/giasudaynhac.com\/wp-content\/uploads\/2025\/06\/IMG_5049.jpg\" alt=\"\" width=\"960\" height=\"720\" srcset=\"https:\/\/giasudaynhac.com\/wp-content\/uploads\/2025\/06\/IMG_5049.jpg 960w, https:\/\/giasudaynhac.com\/wp-content\/uploads\/2025\/06\/IMG_5049-300x225.jpg 300w, https:\/\/giasudaynhac.com\/wp-content\/uploads\/2025\/06\/IMG_5049-768x576.jpg 768w, https:\/\/giasudaynhac.com\/wp-content\/uploads\/2025\/06\/IMG_5049-360x270.jpg 360w\" sizes=\"auto, (max-width: 960px) 100vw, 960px\" \/><\/a><\/h2>\n<p data-start=\"567\" data-end=\"893\"><strong data-start=\"567\" data-end=\"594\">\u00a0 GIA S\u01af<\/strong>\u00a0<strong data-start=\"608\" data-end=\"638\">chuy\u00ean bi\u1ec7t ch\u1ec9 v\u1ec1 \u00e2m nh\u1ea1c<\/strong>, kh\u00e1c bi\u1ec7t ho\u00e0n to\u00e0n v\u1edbi c\u00e1c trung t\u00e2m gia s\u01b0 th\u00f4ng th\u01b0\u1eddng. Ch\u00fang t\u00f4i kh\u00f4ng d\u1ea1y k\u00e8m \u0111\u1ea1i tr\u00e0 m\u00e0 t\u1eadp trung ho\u00e0n to\u00e0n v\u00e0o <strong data-start=\"758\" data-end=\"780\">c\u00e1c b\u1ed9 m\u00f4n \u00e2m nh\u1ea1c<\/strong> \u2013 t\u1eeb c\u01a1 b\u1ea3n \u0111\u1ebfn n\u00e2ng cao, t\u1eeb h\u1ecdc \u0111\u00e0n, h\u1ecdc h\u00e1t \u0111\u1ebfn luy\u1ec7n thi v\u00e0o Nh\u1ea1c vi\u1ec7n ho\u1eb7c c\u00e1c tr\u01b0\u1eddng n\u0103ng khi\u1ebfu ngh\u1ec7 thu\u1eadt.<\/p>\n<p data-start=\"895\" data-end=\"1129\">\u0110\u1ed9i ng\u0169 gia s\u01b0 l\u00e0 <strong data-start=\"913\" data-end=\"952\">nh\u1eefng gi\u00e1o vi\u00ean, sinh vi\u00ean xu\u1ea5t s\u1eafc<\/strong>, nhi\u1ec1u ng\u01b0\u1eddi \u0111ang gi\u1ea3ng d\u1ea1y t\u1ea1i c\u00e1c <strong data-start=\"989\" data-end=\"1025\">tr\u01b0\u1eddng nh\u1ea1c n\u1ed5i ti\u1ebfng t\u1ea1i TP.HCM<\/strong>, ho\u1eb7c bi\u1ec3u di\u1ec5n t\u1ea1i c\u00e1c <strong data-start=\"1050\" data-end=\"1084\">s\u00e2n kh\u1ea5u \u00e2m nh\u1ea1c chuy\u00ean nghi\u1ec7p<\/strong>, ph\u00f2ng tr\u00e0, nh\u00e0 h\u00e1t l\u1edbn trong v\u00e0 ngo\u00e0i n\u01b0\u1edbc.<\/p>\n<p><a href=\"https:\/\/giasudaynhac.com\/wp-content\/uploads\/2025\/06\/IMG_2907-scaled.jpg\" data-wp-editing=\"1\"><img loading=\"lazy\" decoding=\"async\" class=\"size-large wp-image-1797\" src=\"https:\/\/giasudaynhac.com\/wp-content\/uploads\/2025\/06\/IMG_2907-1024x768.jpg\" alt=\"H\u1ecdc Nh\u1ea1c G\u1ea7n Ch\u1ee3 Th\u1ee7 \u0110\u1ee9c\" width=\"640\" height=\"480\" srcset=\"https:\/\/giasudaynhac.com\/wp-content\/uploads\/2025\/06\/IMG_2907-1024x768.jpg 1024w, https:\/\/giasudaynhac.com\/wp-content\/uploads\/2025\/06\/IMG_2907-300x225.jpg 300w, https:\/\/giasudaynhac.com\/wp-content\/uploads\/2025\/06\/IMG_2907-768x576.jpg 768w, https:\/\/giasudaynhac.com\/wp-content\/uploads\/2025\/06\/IMG_2907-1536x1152.jpg 1536w, https:\/\/giasudaynhac.com\/wp-content\/uploads\/2025\/06\/IMG_2907-2048x1536.jpg 2048w\" sizes=\"auto, (max-width: 640px) 100vw, 640px\" \/><\/a><\/p>\n<h3 data-start=\"1131\" data-end=\"1176\"><strong data-start=\"1135\" data-end=\"1176\">T\u1ea1i sao ch\u1ecdn GIA S\u01af \u00c2M NH\u1ea0C &#8211; TP.HCM?<\/strong><\/h3>\n<ul data-start=\"1178\" data-end=\"1711\">\n<li data-start=\"1178\" data-end=\"1262\">\n<p data-start=\"1180\" data-end=\"1262\">\u2705 <strong data-start=\"1182\" data-end=\"1201\">Ch\u1ec9 d\u1ea1y \u00e2m nh\u1ea1c<\/strong> \u2013 chuy\u00ean s\u00e2u v\u00e0 ch\u1ea5t l\u01b0\u1ee3ng, kh\u00f4ng d\u1ea1y \u0111\u1ea1i tr\u00e0 c\u00e1c m\u00f4n kh\u00e1c<\/p>\n<\/li>\n<li data-start=\"1263\" data-end=\"1361\">\n<p data-start=\"1265\" data-end=\"1361\">\u2705 <strong data-start=\"1267\" data-end=\"1286\">1 k\u00e8m 1 t\u1ea1i nh\u00e0<\/strong> \u2013 linh ho\u1ea1t, c\u00e1 nh\u00e2n h\u00f3a ph\u01b0\u01a1ng ph\u00e1p theo n\u0103ng l\u1ef1c v\u00e0 m\u1ee5c ti\u00eau ng\u01b0\u1eddi h\u1ecdc<\/p>\n<\/li>\n<li data-start=\"1362\" data-end=\"1432\">\n<p data-start=\"1364\" data-end=\"1432\">\u2705 <strong data-start=\"1366\" data-end=\"1430\">\u0110\u1ed9i ng\u0169 c\u00f3 b\u1eb1ng c\u1ea5p, kinh nghi\u1ec7m v\u00e0 n\u0103ng l\u1ef1c s\u01b0 ph\u1ea1m th\u1ef1c t\u1ebf<\/strong><\/p>\n<\/li>\n<li data-start=\"1433\" data-end=\"1500\">\n<p data-start=\"1435\" data-end=\"1500\">\u2705 <strong data-start=\"1437\" data-end=\"1478\">Ki\u1ec3m duy\u1ec7t ch\u1ea5t l\u01b0\u1ee3ng gia s\u01b0 k\u1ef9 l\u01b0\u1ee1ng<\/strong> tr\u01b0\u1edbc khi gi\u1ea3ng d\u1ea1y<\/p>\n<\/li>\n<li data-start=\"1501\" data-end=\"1620\">\n<p data-start=\"1503\" data-end=\"1620\">\u2705 <strong data-start=\"1505\" data-end=\"1529\">Luy\u1ec7n thi chuy\u00ean s\u00e2u<\/strong>: v\u00e0o Nh\u1ea1c Vi\u1ec7n, c\u00e1c khoa ngh\u1ec7 thu\u1eadt, thi h\u1ecdc sinh gi\u1ecfi \u00e2m nh\u1ea1c ho\u1eb7c thi l\u1ea5y b\u1eb1ng qu\u1ed1c t\u1ebf<\/p>\n<\/li>\n<li data-start=\"1621\" data-end=\"1711\">\n<p data-start=\"1623\" data-end=\"1711\">\u2705 <strong data-start=\"1625\" data-end=\"1653\">Ph\u00f9 h\u1ee3p v\u1edbi m\u1ecdi l\u1ee9a tu\u1ed5i<\/strong>: tr\u1ebb em, ng\u01b0\u1eddi l\u1edbn, ng\u01b0\u1eddi m\u1edbi b\u1eaft \u0111\u1ea7u ho\u1eb7c \u0111\u00e3 c\u00f3 n\u1ec1n t\u1ea3ng<\/p>\n<\/li>\n<\/ul>\n<h4><em style=\"color: revert; font-size: revert; font-weight: revert;\"><strong><span style=\"color: #993300;\">.<\/span><\/strong><\/em><\/h4>\n<p><a href=\"https:\/\/giasudaynhac.com\/wp-content\/uploads\/2019\/08\/z4195348054467_872964eb8f28b4442fa7592d269780ff.jpg\"><img loading=\"lazy\" decoding=\"async\" class=\"size-medium wp-image-1541 alignright\" src=\"https:\/\/giasudaynhac.com\/wp-content\/uploads\/2019\/08\/z4195348054467_872964eb8f28b4442fa7592d269780ff-225x300.jpg\" alt=\"\" width=\"225\" height=\"300\" srcset=\"https:\/\/giasudaynhac.com\/wp-content\/uploads\/2019\/08\/z4195348054467_872964eb8f28b4442fa7592d269780ff-225x300.jpg 225w, https:\/\/giasudaynhac.com\/wp-content\/uploads\/2019\/08\/z4195348054467_872964eb8f28b4442fa7592d269780ff-768x1024.jpg 768w, https:\/\/giasudaynhac.com\/wp-content\/uploads\/2019\/08\/z4195348054467_872964eb8f28b4442fa7592d269780ff.jpg 960w\" sizes=\"auto, (max-width: 225px) 100vw, 225px\" \/><\/a><\/p>\n<p><a href=\"https:\/\/giasudaynhac.com\/wp-content\/uploads\/2019\/08\/z4195348045083_15426c7560423ba8f9106521de8c3f71.jpg\"><img loading=\"lazy\" decoding=\"async\" class=\"alignnone size-thumbnail wp-image-1542\" src=\"https:\/\/giasudaynhac.com\/wp-content\/uploads\/2019\/08\/z4195348045083_15426c7560423ba8f9106521de8c3f71-150x150.jpg\" alt=\"\" width=\"150\" height=\"150\" \/>\u00a0 <\/a><a href=\"https:\/\/giasudaynhac.com\/wp-content\/uploads\/2019\/07\/44191111_2722568697968587_7517356068482056192_o.jpg\">\u00a0 \u00a0 \u00a0 \u00a0<\/a><a href=\"https:\/\/giasudaynhac.com\/wp-content\/uploads\/2019\/07\/33044171_2571908409701284_4210355400886714368_n.jpg\" data-wp-editing=\"1\"><img loading=\"lazy\" decoding=\"async\" class=\"alignnone size-thumbnail wp-image-1340\" src=\"https:\/\/giasudaynhac.com\/wp-content\/uploads\/2019\/07\/33044171_2571908409701284_4210355400886714368_n-150x150.jpg\" alt=\"\" width=\"150\" height=\"150\" \/>\u00a0 \u00a0 \u00a0 \u00a0<\/a><a href=\"https:\/\/giasudaynhac.com\/wp-content\/uploads\/2019\/07\/39056451_2666299616928829_6782852455399948288_n.jpg\" data-wp-editing=\"1\"><img loading=\"lazy\" decoding=\"async\" class=\"alignnone size-thumbnail wp-image-1346\" src=\"https:\/\/giasudaynhac.com\/wp-content\/uploads\/2019\/07\/39056451_2666299616928829_6782852455399948288_n-150x150.jpg\" alt=\"\" width=\"150\" height=\"150\" \/>\u00a0 <\/a><a href=\"https:\/\/giasudaynhac.com\/wp-content\/uploads\/2019\/08\/cover-2021@2x.png\" data-wp-editing=\"1\"><img loading=\"lazy\" decoding=\"async\" class=\"alignnone size-thumbnail wp-image-1512\" src=\"https:\/\/giasudaynhac.com\/wp-content\/uploads\/2019\/08\/cover-2021@2x-150x150.png\" alt=\"\" width=\"150\" height=\"150\" \/><\/a><\/p>\n<h3 data-start=\"1713\" data-end=\"1741\"><strong data-start=\"1717\" data-end=\"1741\">C\u00e1c b\u1ed9 m\u00f4n gi\u1ea3ng d\u1ea1y<\/strong><\/h3>\n<ul data-start=\"1743\" data-end=\"2053\">\n<li data-start=\"1743\" data-end=\"1779\">\n<p data-start=\"1745\" data-end=\"1779\">\ud83c\udfb9 <strong data-start=\"1748\" data-end=\"1757\">Piano<\/strong> (c\u1ed5 \u0111i\u1ec3n &amp; \u0111\u1ec7m h\u00e1t)<\/p>\n<\/li>\n<li data-start=\"1780\" data-end=\"1829\">\n<p data-start=\"1782\" data-end=\"1829\">\ud83c\udfb8 <strong data-start=\"1785\" data-end=\"1795\">Guitar<\/strong> (\u0111\u1ec7m h\u00e1t, classic, fingerstyle)<\/p>\n<\/li>\n<li data-start=\"1830\" data-end=\"1890\">\n<p data-start=\"1832\" data-end=\"1890\">\ud83c\udfa4 <strong data-start=\"1835\" data-end=\"1849\">Thanh nh\u1ea1c<\/strong> (k\u1ef9 thu\u1eadt h\u00e1t, x\u1eed l\u00fd b\u00e0i, luy\u1ec7n gi\u1ecdng)<\/p>\n<\/li>\n<li data-start=\"1891\" data-end=\"1924\">\n<p data-start=\"1893\" data-end=\"1924\">\ud83e\udd41 <strong data-start=\"1896\" data-end=\"1922\">Tr\u1ed1ng \u2013 Cajon \u2013 Djembe<\/strong><\/p>\n<\/li>\n<li data-start=\"1925\" data-end=\"1950\">\n<p data-start=\"1927\" data-end=\"1950\">\ud83c\udfbb <strong data-start=\"1930\" data-end=\"1948\">Violin \u2013 Cello<\/strong><\/p>\n<\/li>\n<li data-start=\"1951\" data-end=\"2000\">\n<p data-start=\"1953\" data-end=\"2000\">\ud83c\udfbc <strong data-start=\"1956\" data-end=\"1998\">L\u00fd thuy\u1ebft \u00e2m nh\u1ea1c \u2013 Solfege \u2013 X\u01b0\u1edbng \u00e2m<\/strong><\/p>\n<\/li>\n<li data-start=\"2001\" data-end=\"2053\">\n<p data-start=\"2003\" data-end=\"2053\">\ud83d\udcda <strong data-start=\"2006\" data-end=\"2051\">Luy\u1ec7n thi v\u00e0o Nh\u1ea1c vi\u1ec7n, H\u1ecdc vi\u1ec7n \u00e2m nh\u1ea1c<\/strong><\/p>\n<\/li>\n<\/ul>\n<h3><a href=\"https:\/\/giasudaynhac.com\/wp-content\/uploads\/2019\/07\/35647546_2597420240483434_8858830077652107264_n.jpg\"><img loading=\"lazy\" decoding=\"async\" class=\"alignnone size-thumbnail wp-image-1341\" src=\"https:\/\/giasudaynhac.com\/wp-content\/uploads\/2019\/07\/35647546_2597420240483434_8858830077652107264_n-150x150.jpg\" alt=\"\" width=\"150\" height=\"150\" \/>\u00a0 \u00a0 \u00a0 \u00a0<\/a><a href=\"https:\/\/giasudaynhac.com\/wp-content\/uploads\/2019\/07\/36375133_2610095879215870_2673845518056030208_n.jpg\"><img loading=\"lazy\" decoding=\"async\" class=\"alignnone size-thumbnail wp-image-1342\" src=\"https:\/\/giasudaynhac.com\/wp-content\/uploads\/2019\/07\/36375133_2610095879215870_2673845518056030208_n-150x150.jpg\" alt=\"\" width=\"150\" height=\"150\" \/><\/a><a href=\"https:\/\/giasudaynhac.com\/wp-content\/uploads\/2019\/07\/35647546_2597420240483434_8858830077652107264_n.jpg\">\u00a0 \u00a0 \u00a0 \u00a0 <\/a><a href=\"https:\/\/giasudaynhac.com\/wp-content\/uploads\/2019\/07\/36451515_2610095782549213_1893211413594243072_n.jpg\"><img loading=\"lazy\" decoding=\"async\" class=\"alignnone size-thumbnail wp-image-1343\" src=\"https:\/\/giasudaynhac.com\/wp-content\/uploads\/2019\/07\/36451515_2610095782549213_1893211413594243072_n-150x150.jpg\" alt=\"\" width=\"150\" height=\"150\" \/>\u00a0<\/a><\/h3>\n<h3 data-start=\"2055\" data-end=\"2088\"><strong data-start=\"2059\" data-end=\"2088\">Ph\u01b0\u01a1ng ch\u00e2m c\u1ee7a ch\u00fang t\u00f4i<\/strong><\/h3>\n<p data-start=\"2090\" data-end=\"2394\">\u201c<strong data-start=\"2091\" data-end=\"2170\">Ch\u1ea5t l\u01b0\u1ee3ng h\u01a1n s\u1ed1 l\u01b0\u1ee3ng \u2013 C\u1ea3m x\u00fac h\u01a1n l\u00fd thuy\u1ebft \u2013 Ngh\u1ec7 thu\u1eadt l\u00e0 s\u1ef1 \u0111\u1ed3ng c\u1ea3m<\/strong>.\u201d<br data-start=\"2172\" data-end=\"2175\" \/>Ch\u00fang t\u00f4i tin r\u1eb1ng m\u1ed7i ng\u01b0\u1eddi \u0111\u1ec1u c\u00f3 th\u1ec3 ch\u1ea1m \u0111\u1ebfn \u00e2m nh\u1ea1c, n\u1ebfu \u0111\u01b0\u1ee3c d\u1eabn d\u1eaft \u0111\u00fang c\u00e1ch v\u00e0 truy\u1ec1n c\u1ea3m h\u1ee9ng. V\u00ec v\u1eady, m\u1ed7i l\u1edbp h\u1ecdc c\u1ee7a ch\u00fang t\u00f4i l\u00e0 m\u1ed9t h\u00e0nh tr\u00ecnh \u00e2m nh\u1ea1c ri\u00eang bi\u1ec7t, \u0111\u01b0\u1ee3c thi\u1ebft k\u1ebf <strong data-start=\"2366\" data-end=\"2393\">ri\u00eang cho t\u1eebng h\u1ecdc vi\u00ean<\/strong>.<\/p>\n<p data-start=\"2090\" data-end=\"2394\"><a href=\"https:\/\/giasudaynhac.com\/?p=1894\"><em><strong>Video h\u1ecdc vi\u00ean bi\u1ec3u di\u1ec5n:<\/strong><\/em><\/a><\/p>\n<p data-start=\"2090\" data-end=\"2394\"><a href=\"https:\/\/giasudaynhac.com\/?p=1894\" rel=\"attachment wp-att-1896\" data-wp-editing=\"1\"><img loading=\"lazy\" decoding=\"async\" class=\"alignnone size-thumbnail wp-image-1896\" src=\"https:\/\/giasudaynhac.com\/wp-content\/uploads\/2025\/06\/IMG_5048-150x150.png\" alt=\"\" width=\"150\" height=\"150\" \/>\u00a0\u00a0\u00a0\u00a0\u00a0\u00a0\u00a0\u00a0\u00a0\u00a0\u00a0\u00a0\u00a0\u00a0\u00a0\u00a0 <\/a><a href=\"https:\/\/giasudaynhac.com\/?p=1894\" rel=\"attachment wp-att-1897\" data-wp-editing=\"1\"><img loading=\"lazy\" decoding=\"async\" class=\"alignnone size-thumbnail wp-image-1897\" src=\"https:\/\/giasudaynhac.com\/wp-content\/uploads\/2025\/06\/IMG_5046-150x150.png\" alt=\"\" width=\"150\" height=\"150\" \/>\u00a0\u00a0\u00a0\u00a0\u00a0\u00a0\u00a0 <\/a><a href=\"https:\/\/giasudaynhac.com\/?p=1894\" rel=\"https:\/\/giasudaynhac.com\/?p=1894\"><img loading=\"lazy\" decoding=\"async\" class=\"alignnone wp-image-32 size-thumbnail\" src=\"https:\/\/giasudaynhac.com\/wp-content\/uploads\/2018\/01\/hoc-dan-piano-150x150.jpg\" alt=\"\" width=\"150\" height=\"150\" \/><\/a><\/p>\n<h6 data-start=\"2090\" data-end=\"2394\"><a href=\"https:\/\/giasudaynhac.com\/?p=1894\">Sonat Hungary -Th\u1ee5c Uy\u00ean\u00a0 \u00a0 \u00a0 \u00a0 \u00a0 \u00a0 \u00a0 \u00a0 \u00a0 \u00a0 \u00a0 \u00a0 \u00a0 \u00a0 \u00a0 \u00a0 \u00a0 \u00a0 \u00a0 \u00a0 \u00a0 \u00a0 \u00a0 \u00a0 \u00a0 \u00a0 \u00a0 \u00a0Violin -Minh Anh\u00a0 \u00a0 \u00a0 \u00a0 \u00a0 \u00a0 \u00a0 \u00a0 \u00a0 \u00a0 \u00a0 \u00a0 \u00a0 \u00a0 \u00a0 \u00a0 \u00a0 \u00a0 \u00a0 \u00a0 \u00a0 \u00a0 \u00a0Virus Beethoven &#8211; Q,B\u1ea3o<\/a><\/h6>\n<hr data-start=\"2396\" data-end=\"2399\" \/>\n<h3 data-start=\"2401\" data-end=\"2443\">\ud83d\udcde <strong data-start=\"2408\" data-end=\"2443\">Li\u00ean h\u1ec7 GIA S\u01af \u00c2M NH\u1ea0C &#8211; TP.HCM<\/strong><\/h3>\n<ul data-start=\"2445\" data-end=\"2568\">\n<li data-start=\"2474\" data-end=\"2498\">\n<p data-start=\"2476\" data-end=\"2498\">Zalo: 0936810939<\/p>\n<\/li>\n<li data-start=\"2499\" data-end=\"2538\">\n<p data-start=\"2501\" data-end=\"2538\">Website: giasudaynhac.com<strong style=\"color: revert; font-size: revert;\"><span style=\"color: #800000;\">\u00a0<\/span><\/strong><\/p>\n<\/li>\n<\/ul>\n<h4 style=\"text-align: center;\">\u00a0<\/h4>","protected":false},"excerpt":{"rendered":"<p>\u0110\u1ed9i ng\u0169 gi\u00e1o vi\u00ean, ngh\u1ec7 s\u0129 chuy\u00ean nghi\u1ec7p, gi\u1ea3ng d\u1ea1y t\u1ea1i nh\u00e0 B\u1ea1n \u0111ang t\u00ecm ki\u1ebfm gia s\u01b0 \u00e2m nh\u1ea1c chuy\u00ean nghi\u1ec7p t\u1ea1i TP.HCM? Trung t\u00e2m GIA S\u01af \u00c2M NH\u1ea0C &#8211; TP.HCM ch\u00ednh l\u00e0 l\u1ef1a ch\u1ecdn h\u00e0ng \u0111\u1ea7u d\u00e0nh cho b\u1ea1n \u2013 n\u01a1i quy t\u1ee5 \u0111\u1ed9i ng\u0169 gi\u1ea3ng vi\u00ean, sinh vi\u00ean, ngh\u1ec7 s\u0129 \u0111\u01b0\u1ee3c \u0111\u00e0o t\u1ea1o b\u00e0i b\u1ea3n t\u1eeb Nh\u1ea1c Vi\u1ec7n TP.HCM, H\u1ecdc vi\u1ec7n \u00c2m nh\u1ea1c Qu\u1ed1c gia, v\u00e0 c\u00e1c c\u01a1 s\u1edf \u0111\u00e0o t\u1ea1o ngh\u1ec7 thu\u1eadt uy t\u00edn tr\u00ean c\u1ea3&#8230;<\/p>\n<p class=\"read-more\"><a class=\"btn btn-default\" href=\"https:\/\/giasudaynhac.com\/\">\u0110\u1ecdc Th\u00eam<span class=\"screen-reader-text\"> \u0110\u1ecdc Th\u00eam<\/span><\/a><\/p>\n","protected":false},"author":2,"featured_media":0,"parent":0,"menu_order":0,"comment_status":"closed","ping_status":"closed","template":"","meta":{"footnotes":""},"class_list":["post-386","page","type-page","status-publish","hentry"],"yoast_head":"<!-- This site is optimized with the Yoast SEO plugin v25.3.1 - https:\/\/yoast.com\/wordpress\/plugins\/seo\/ -->\n<title>GIA S\u01af \u00c2M NH\u1ea0C - TP.HCM - GIA S\u01af &Acirc;M NH\u1ea0C - TP.HCM<\/title>\n<meta name=\"description\" content=\"***Kh\u00e1c v\u1edbi c\u00e1c trung t\u00e2m gia s\u01b0 kh\u00e1c, Trung t\u00e2m\u00a0GIA S\u01af \u00c2M NH\u1ea0C -TP.HCM l\u00e0 gia s\u01b0\u00a0ch\u1ec9 chuy\u00ean \u0111\u1ea3m nh\u1eadn\u00a0d\u1ea1y ho\u1eb7c luy\u1ec7n thi v\u1ec1 \u00c2m Nh\u1ea1c\" \/>\n<meta name=\"robots\" content=\"index, follow, max-snippet:-1, max-image-preview:large, max-video-preview:-1\" \/>\n<link rel=\"canonical\" href=\"https:\/\/giasudaynhac.com\/\" \/>\n<meta property=\"og:locale\" content=\"vi_VN\" \/>\n<meta property=\"og:type\" content=\"article\" \/>\n<meta property=\"og:title\" content=\"GIA S\u01af \u00c2M NH\u1ea0C - TP.HCM - GIA S\u01af &Acirc;M NH\u1ea0C - TP.HCM\" \/>\n<meta property=\"og:description\" content=\"***Kh\u00e1c v\u1edbi c\u00e1c trung t\u00e2m gia s\u01b0 kh\u00e1c, Trung t\u00e2m\u00a0GIA S\u01af \u00c2M NH\u1ea0C -TP.HCM l\u00e0 gia s\u01b0\u00a0ch\u1ec9 chuy\u00ean \u0111\u1ea3m nh\u1eadn\u00a0d\u1ea1y ho\u1eb7c luy\u1ec7n thi v\u1ec1 \u00c2m Nh\u1ea1c\" \/>\n<meta property=\"og:url\" content=\"https:\/\/giasudaynhac.com\/\" \/>\n<meta property=\"og:site_name\" content=\"GIA S\u01af &Acirc;M NH\u1ea0C - TP.HCM\" \/>\n<meta property=\"article:modified_time\" content=\"2025-06-17T18:05:38+00:00\" \/>\n<meta property=\"og:image\" content=\"https:\/\/giasudaynhac.com\/wp-content\/uploads\/2019\/08\/z4195348034648_c9b0d4acbdf44208c5a33ae968095992.jpg\" \/>\n\t<meta property=\"og:image:width\" content=\"1280\" \/>\n\t<meta property=\"og:image:height\" content=\"960\" \/>\n\t<meta property=\"og:image:type\" content=\"image\/jpeg\" \/>\n<meta name=\"twitter:card\" content=\"summary_large_image\" \/>\n<meta name=\"twitter:label1\" content=\"\u01af\u1edbc t\u00ednh th\u1eddi gian \u0111\u1ecdc\" \/>\n\t<meta name=\"twitter:data1\" content=\"6 ph\u00fat\" \/>\n<script type=\"application\/ld+json\" class=\"yoast-schema-graph\">{\"@context\":\"https:\/\/schema.org\",\"@graph\":[{\"@type\":\"WebPage\",\"@id\":\"https:\/\/giasudaynhac.com\/\",\"url\":\"https:\/\/giasudaynhac.com\/\",\"name\":\"GIA S\u01af \u00c2M NH\u1ea0C - TP.HCM - GIA S\u01af &Acirc;M NH\u1ea0C - TP.HCM\",\"isPartOf\":{\"@id\":\"https:\/\/giasudaynhac.com\/#website\"},\"primaryImageOfPage\":{\"@id\":\"https:\/\/giasudaynhac.com\/#primaryimage\"},\"image\":{\"@id\":\"https:\/\/giasudaynhac.com\/#primaryimage\"},\"thumbnailUrl\":\"https:\/\/giasudaynhac.com\/wp-content\/uploads\/2019\/08\/z4195348034648_c9b0d4acbdf44208c5a33ae968095992.jpg\",\"datePublished\":\"2018-01-06T17:05:04+00:00\",\"dateModified\":\"2025-06-17T18:05:38+00:00\",\"description\":\"***Kh\u00e1c v\u1edbi c\u00e1c trung t\u00e2m gia s\u01b0 kh\u00e1c, Trung t\u00e2m\u00a0GIA S\u01af \u00c2M NH\u1ea0C -TP.HCM l\u00e0 gia s\u01b0\u00a0ch\u1ec9 chuy\u00ean \u0111\u1ea3m nh\u1eadn\u00a0d\u1ea1y ho\u1eb7c luy\u1ec7n thi v\u1ec1 \u00c2m Nh\u1ea1c\",\"breadcrumb\":{\"@id\":\"https:\/\/giasudaynhac.com\/#breadcrumb\"},\"inLanguage\":\"vi\",\"potentialAction\":[{\"@type\":\"ReadAction\",\"target\":[\"https:\/\/giasudaynhac.com\/\"]}]},{\"@type\":\"ImageObject\",\"inLanguage\":\"vi\",\"@id\":\"https:\/\/giasudaynhac.com\/#primaryimage\",\"url\":\"https:\/\/giasudaynhac.com\/wp-content\/uploads\/2019\/08\/z4195348034648_c9b0d4acbdf44208c5a33ae968095992.jpg\",\"contentUrl\":\"https:\/\/giasudaynhac.com\/wp-content\/uploads\/2019\/08\/z4195348034648_c9b0d4acbdf44208c5a33ae968095992.jpg\",\"width\":1280,\"height\":960},{\"@type\":\"BreadcrumbList\",\"@id\":\"https:\/\/giasudaynhac.com\/#breadcrumb\",\"itemListElement\":[{\"@type\":\"ListItem\",\"position\":1,\"name\":\"Home\",\"item\":\"https:\/\/giasudaynhac.com\/\"},{\"@type\":\"ListItem\",\"position\":2,\"name\":\"GIA S\u01af \u00c2M NH\u1ea0C &#8211; TP.HCM\"}]},{\"@type\":\"WebSite\",\"@id\":\"https:\/\/giasudaynhac.com\/#website\",\"url\":\"https:\/\/giasudaynhac.com\/\",\"name\":\"GIA S\u01af \u00c2M NH\u1ea0C - TP.HCM\",\"description\":\"GI&Aacute;O VI&Ecirc;N V&Agrave; SINH VI&Ecirc;N NH\u1ea0C VI\u1ec6N\",\"potentialAction\":[{\"@type\":\"SearchAction\",\"target\":{\"@type\":\"EntryPoint\",\"urlTemplate\":\"https:\/\/giasudaynhac.com\/?s={search_term_string}\"},\"query-input\":{\"@type\":\"PropertyValueSpecification\",\"valueRequired\":true,\"valueName\":\"search_term_string\"}}],\"inLanguage\":\"vi\"}]}<\/script>\n<!-- \/ Yoast SEO plugin. -->","yoast_head_json":{"title":"GIA S\u01af \u00c2M NH\u1ea0C - TP.HCM - GIA S\u01af &Acirc;M NH\u1ea0C - TP.HCM","description":"***Kh\u00e1c v\u1edbi c\u00e1c trung t\u00e2m gia s\u01b0 kh\u00e1c, Trung t\u00e2m\u00a0GIA S\u01af \u00c2M NH\u1ea0C -TP.HCM l\u00e0 gia s\u01b0\u00a0ch\u1ec9 chuy\u00ean \u0111\u1ea3m nh\u1eadn\u00a0d\u1ea1y ho\u1eb7c luy\u1ec7n thi v\u1ec1 \u00c2m Nh\u1ea1c","robots":{"index":"index","follow":"follow","max-snippet":"max-snippet:-1","max-image-preview":"max-image-preview:large","max-video-preview":"max-video-preview:-1"},"canonical":"https:\/\/giasudaynhac.com\/","og_locale":"vi_VN","og_type":"article","og_title":"GIA S\u01af \u00c2M NH\u1ea0C - TP.HCM - GIA S\u01af &Acirc;M NH\u1ea0C - TP.HCM","og_description":"***Kh\u00e1c v\u1edbi c\u00e1c trung t\u00e2m gia s\u01b0 kh\u00e1c, Trung t\u00e2m\u00a0GIA S\u01af \u00c2M NH\u1ea0C -TP.HCM l\u00e0 gia s\u01b0\u00a0ch\u1ec9 chuy\u00ean \u0111\u1ea3m nh\u1eadn\u00a0d\u1ea1y ho\u1eb7c luy\u1ec7n thi v\u1ec1 \u00c2m Nh\u1ea1c","og_url":"https:\/\/giasudaynhac.com\/","og_site_name":"GIA S\u01af &Acirc;M NH\u1ea0C - TP.HCM","article_modified_time":"2025-06-17T18:05:38+00:00","og_image":[{"width":1280,"height":960,"url":"https:\/\/giasudaynhac.com\/wp-content\/uploads\/2019\/08\/z4195348034648_c9b0d4acbdf44208c5a33ae968095992.jpg","type":"image\/jpeg"}],"twitter_card":"summary_large_image","twitter_misc":{"\u01af\u1edbc t\u00ednh th\u1eddi gian \u0111\u1ecdc":"6 ph\u00fat"},"schema":{"@context":"https:\/\/schema.org","@graph":[{"@type":"WebPage","@id":"https:\/\/giasudaynhac.com\/","url":"https:\/\/giasudaynhac.com\/","name":"GIA S\u01af \u00c2M NH\u1ea0C - TP.HCM - GIA S\u01af &Acirc;M NH\u1ea0C - TP.HCM","isPartOf":{"@id":"https:\/\/giasudaynhac.com\/#website"},"primaryImageOfPage":{"@id":"https:\/\/giasudaynhac.com\/#primaryimage"},"image":{"@id":"https:\/\/giasudaynhac.com\/#primaryimage"},"thumbnailUrl":"https:\/\/giasudaynhac.com\/wp-content\/uploads\/2019\/08\/z4195348034648_c9b0d4acbdf44208c5a33ae968095992.jpg","datePublished":"2018-01-06T17:05:04+00:00","dateModified":"2025-06-17T18:05:38+00:00","description":"***Kh\u00e1c v\u1edbi c\u00e1c trung t\u00e2m gia s\u01b0 kh\u00e1c, Trung t\u00e2m\u00a0GIA S\u01af \u00c2M NH\u1ea0C -TP.HCM l\u00e0 gia s\u01b0\u00a0ch\u1ec9 chuy\u00ean \u0111\u1ea3m nh\u1eadn\u00a0d\u1ea1y ho\u1eb7c luy\u1ec7n thi v\u1ec1 \u00c2m Nh\u1ea1c","breadcrumb":{"@id":"https:\/\/giasudaynhac.com\/#breadcrumb"},"inLanguage":"vi","potentialAction":[{"@type":"ReadAction","target":["https:\/\/giasudaynhac.com\/"]}]},{"@type":"ImageObject","inLanguage":"vi","@id":"https:\/\/giasudaynhac.com\/#primaryimage","url":"https:\/\/giasudaynhac.com\/wp-content\/uploads\/2019\/08\/z4195348034648_c9b0d4acbdf44208c5a33ae968095992.jpg","contentUrl":"https:\/\/giasudaynhac.com\/wp-content\/uploads\/2019\/08\/z4195348034648_c9b0d4acbdf44208c5a33ae968095992.jpg","width":1280,"height":960},{"@type":"BreadcrumbList","@id":"https:\/\/giasudaynhac.com\/#breadcrumb","itemListElement":[{"@type":"ListItem","position":1,"name":"Home","item":"https:\/\/giasudaynhac.com\/"},{"@type":"ListItem","position":2,"name":"GIA S\u01af \u00c2M NH\u1ea0C &#8211; TP.HCM"}]},{"@type":"WebSite","@id":"https:\/\/giasudaynhac.com\/#website","url":"https:\/\/giasudaynhac.com\/","name":"GIA S\u01af \u00c2M NH\u1ea0C - TP.HCM","description":"GI&Aacute;O VI&Ecirc;N V&Agrave; SINH VI&Ecirc;N NH\u1ea0C VI\u1ec6N","potentialAction":[{"@type":"SearchAction","target":{"@type":"EntryPoint","urlTemplate":"https:\/\/giasudaynhac.com\/?s={search_term_string}"},"query-input":{"@type":"PropertyValueSpecification","valueRequired":true,"valueName":"search_term_string"}}],"inLanguage":"vi"}]}},"_links":{"self":[{"href":"https:\/\/giasudaynhac.com\/index.php?rest_route=\/wp\/v2\/pages\/386","targetHints":{"allow":["GET"]}}],"collection":[{"href":"https:\/\/giasudaynhac.com\/index.php?rest_route=\/wp\/v2\/pages"}],"about":[{"href":"https:\/\/giasudaynhac.com\/index.php?rest_route=\/wp\/v2\/types\/page"}],"author":[{"embeddable":true,"href":"https:\/\/giasudaynhac.com\/index.php?rest_route=\/wp\/v2\/users\/2"}],"replies":[{"embeddable":true,"href":"https:\/\/giasudaynhac.com\/index.php?rest_route=%2Fwp%2Fv2%2Fcomments&post=386"}],"version-history":[{"count":94,"href":"https:\/\/giasudaynhac.com\/index.php?rest_route=\/wp\/v2\/pages\/386\/revisions"}],"predecessor-version":[{"id":1920,"href":"https:\/\/giasudaynhac.com\/index.php?rest_route=\/wp\/v2\/pages\/386\/revisions\/1920"}],"wp:attachment":[{"href":"https:\/\/giasudaynhac.com\/index.php?rest_route=%2Fwp%2Fv2%2Fmedia&parent=386"}],"curies":[{"name":"wp","href":"https:\/\/api.w.org\/{rel}","templated":true}]}}