{"id":365,"date":"2018-01-06T00:45:47","date_gmt":"2018-01-05T17:45:47","guid":{"rendered":"https:\/\/giasudaynhac.com\/?page_id=365"},"modified":"2018-01-17T16:48:20","modified_gmt":"2018-01-17T09:48:20","slug":"dang-ki-lam-gia-su","status":"publish","type":"page","link":"https:\/\/giasudaynhac.com\/?page_id=365","title":{"rendered":"\u0110\u0102NG K\u00cd L\u00c0M GIA S\u01af"},"content":{"rendered":"\n<div class=\"wpcf7 no-js\" id=\"wpcf7-f713-o1\" lang=\"vi\" dir=\"ltr\" data-wpcf7-id=\"713\">\n<div class=\"screen-reader-response\"><p role=\"status\" aria-live=\"polite\" aria-atomic=\"true\"><\/p> <ul><\/ul><\/div>\n<form action=\"\/index.php?rest_route=%2Fwp%2Fv2%2Fpages%2F365#wpcf7-f713-o1\" method=\"post\" class=\"wpcf7-form init\" aria-label=\"Form li\u00ean h\u1ec7\" novalidate=\"novalidate\" data-status=\"init\">\n<div style=\"display: none;\">\n<input type=\"hidden\" name=\"_wpcf7\" value=\"713\" \/>\n<input type=\"hidden\" name=\"_wpcf7_version\" value=\"6.0.6\" \/>\n<input type=\"hidden\" name=\"_wpcf7_locale\" value=\"vi\" \/>\n<input type=\"hidden\" name=\"_wpcf7_unit_tag\" value=\"wpcf7-f713-o1\" \/>\n<input type=\"hidden\" name=\"_wpcf7_container_post\" value=\"0\" \/>\n<input type=\"hidden\" name=\"_wpcf7_posted_data_hash\" value=\"\" \/>\n<\/div>\n<table border=\"0\" width=\"100%\" cellspacing=\"5\" cellpadding=\"2\" align=\"left\">\n\t<tbody>\n\t\t<tr>\n\t\t\t<td colspan=\"2\">\n\t\t\t\t<p>Th\u00f4ng tin \u0111\u0103ng k\u00fd\n\t\t\t\t<\/p>\n\t\t\t<\/td>\n\t\t<\/tr>\n\t\t<tr>\n\t\t\t<td width=\"25%\">\n\t\t\t\t<p>H\u1ecd v\u00e0 t\u00ean : (*)\n\t\t\t\t<\/p>\n\t\t\t<\/td>\n\t\t\t<td>\n\t\t\t\t<p><span class=\"wpcf7-form-control-wrap\" data-name=\"your-name\"><input size=\"40\" maxlength=\"400\" class=\"wpcf7-form-control wpcf7-text wpcf7-validates-as-required\" aria-required=\"true\" aria-invalid=\"false\" value=\"\" type=\"text\" name=\"your-name\" \/><\/span>\n\t\t\t\t<\/p>\n\t\t\t<\/td>\n\t\t<\/tr>\n\t\t<tr>\n\t\t\t<td>\n\t\t\t\t<p>Email : (*)\n\t\t\t\t<\/p>\n\t\t\t<\/td>\n\t\t\t<td>\n\t\t\t\t<p><span class=\"wpcf7-form-control-wrap\" data-name=\"your-email\"><input size=\"40\" maxlength=\"400\" class=\"wpcf7-form-control wpcf7-text wpcf7-validates-as-required\" aria-required=\"true\" aria-invalid=\"false\" value=\"\" type=\"text\" name=\"your-email\" \/><\/span>\n\t\t\t\t<\/p>\n\t\t\t<\/td>\n\t\t<\/tr>\n\t\t<tr>\n\t\t\t<td>\n\t\t\t\t<p>\u0110\u1ecba ch\u1ec9 : (*)\n\t\t\t\t<\/p>\n\t\t\t<\/td>\n\t\t\t<td>\n\t\t\t\t<p><span class=\"wpcf7-form-control-wrap\" data-name=\"your-address\"><input size=\"40\" maxlength=\"400\" class=\"wpcf7-form-control wpcf7-text wpcf7-validates-as-required\" aria-required=\"true\" aria-invalid=\"false\" value=\"\" type=\"text\" name=\"your-address\" \/><\/span>\n\t\t\t\t<\/p>\n\t\t\t<\/td>\n\t\t<\/tr>\n\t\t<tr>\n\t\t\t<td>\n\t\t\t\t<p>\u0110i\u1ec7n tho\u1ea1i : (*)\n\t\t\t\t<\/p>\n\t\t\t<\/td>\n\t\t\t<td>\n\t\t\t\t<p><span class=\"wpcf7-form-control-wrap\" data-name=\"your-phone\"><input size=\"40\" maxlength=\"400\" class=\"wpcf7-form-control wpcf7-text wpcf7-validates-as-required\" aria-required=\"true\" aria-invalid=\"false\" value=\"\" type=\"text\" name=\"your-phone\" \/><\/span>\n\t\t\t\t<\/p>\n\t\t\t<\/td>\n\t\t<\/tr>\n\t\t<td>\n\t\t\t<p>M\u00f4n d\u1ea1y : (*)\n\t\t\t<\/p>\n\t\t<\/td>\n\t\t<td>\n\t\t\t<p><span class=\"wpcf7-form-control-wrap\" data-name=\"your-subject\"><input size=\"40\" maxlength=\"400\" class=\"wpcf7-form-control wpcf7-text wpcf7-validates-as-required\" aria-required=\"true\" aria-invalid=\"false\" value=\"\" type=\"text\" name=\"your-subject\" \/><\/span><br \/>\nV\u00ed d\u1ee5: piano, guitar, ukelele...\n\t\t\t<\/p>\n\t\t<\/td>\n\t\t<tr>\n\t\t\t<td>\n\t\t\t\t<p>Qu\u1eadn\/Huy\u1ec7n c\u00f3 th\u1ec3 d\u1ea1y: (*)\n\t\t\t\t<\/p>\n\t\t\t<\/td>\n\t\t\t<td>\n\t\t\t\t<p><span class=\"wpcf7-form-control-wrap\" data-name=\"your-place\"><input size=\"40\" maxlength=\"400\" class=\"wpcf7-form-control wpcf7-text wpcf7-validates-as-required\" aria-required=\"true\" aria-invalid=\"false\" value=\"\" type=\"text\" name=\"your-place\" \/><\/span><br \/>\nQu\u1eadn huy\u1ec7n c\u00f3 th\u1ec3 d\u1ea1y\n\t\t\t\t<\/p>\n\t\t\t<\/td>\n\t\t<\/tr>\n\t\t<tr>\n\t\t\t<td>\n\t\t\t\t<p>S\u1ed1 bu\u1ed5i d\u1ea1y : (*)\n\t\t\t\t<\/p>\n\t\t\t<\/td>\n\t\t\t<td>\n\t\t\t\t<p><span class=\"wpcf7-form-control-wrap\" data-name=\"your-noSubject\"><input size=\"40\" maxlength=\"400\" class=\"wpcf7-form-control wpcf7-text wpcf7-validates-as-required\" aria-required=\"true\" aria-invalid=\"false\" value=\"\" type=\"text\" name=\"your-noSubject\" \/><\/span><br \/>\nS\u1ed1 bu\u1ed5i c\u00f3 th\u1ec3 d\u1ea1y trong tu\u1ea7n\n\t\t\t\t<\/p>\n\t\t\t<\/td>\n\t\t<\/tr>\n\t\t<tr>\n\t\t\t<td valign=\"top\">\n\t\t\t\t<p>Th\u1eddi gian d\u1ea1y : (*)\n\t\t\t\t<\/p>\n\t\t\t<\/td>\n\t\t\t<td>\n\t\t\t\t<p><span class=\"wpcf7-form-control-wrap\" data-name=\"your-time\"><input size=\"40\" maxlength=\"400\" class=\"wpcf7-form-control wpcf7-text wpcf7-validates-as-required\" aria-required=\"true\" aria-invalid=\"false\" value=\"\" type=\"text\" name=\"your-time\" \/><\/span><br \/>\nD\u1ea1y v\u00e0o gi\u1edd n\u00e0o trong ng\u00e0y?\n\t\t\t\t<\/p>\n\t\t\t<\/td>\n\t\t<\/tr>\n\t\t<td>\n\t\t\t<p>M\u1ee9c l\u01b0\u01a1ng y\u00eau c\u1ea7u: (*)\n\t\t\t<\/p>\n\t\t<\/td>\n\t\t<td valign=\"top\">\n\t\t\t<p><span class=\"wpcf7-form-control-wrap\" data-name=\"your-salary\"><input size=\"40\" maxlength=\"400\" class=\"wpcf7-form-control wpcf7-text wpcf7-validates-as-required\" aria-required=\"true\" aria-invalid=\"false\" value=\"\" type=\"text\" name=\"your-salary\" \/><\/span><br \/>\nGhi r\u00f5 s\u1ed1 ti\u1ec1n ho\u1eb7c th\u1ecfa thu\u1eadn\n\t\t\t<\/p>\n\t\t<\/td>\n\t\t<tr>\n\t\t\t<td>\n\t\t\t\t<p>Y\u00eau c\u1ea7u kh\u00e1c :\n\t\t\t\t<\/p>\n\t\t\t<\/td>\n\t\t\t<td>\n\t\t\t\t<p><span class=\"wpcf7-form-control-wrap\" data-name=\"your-others\"><textarea cols=\"40\" rows=\"10\" maxlength=\"2000\" class=\"wpcf7-form-control wpcf7-textarea wpcf7-validates-as-required\" aria-required=\"true\" aria-invalid=\"false\" name=\"your-others\"><\/textarea><\/span>\n\t\t\t\t<\/p>\n\t\t\t<\/td>\n\t\t<\/tr>\n\t\t<tr>\n\t\t\t<td>\n\t\t\t<\/td>\n\t\t\t<td>\n\t\t\t<\/td>\n\t\t<\/tr>\n\t\t<tr>\n\t\t\t<td>\n\t\t\t<\/td>\n\t\t\t<td align=\"left\">\n\t\t\t\t<p><input name=\"dangky\" type=\"submit\" value=\"\u0110\u0103ng k\u00fd\" \/>\n\t\t\t\t<\/p>\n\t\t\t<\/td>\n\t\t<\/tr>\n\t<\/tbody>\n<\/table><div class=\"wpcf7-response-output\" aria-hidden=\"true\"><\/div>\n<\/form>\n<\/div>\n\n","protected":false},"excerpt":{"rendered":"","protected":false},"author":2,"featured_media":0,"parent":0,"menu_order":0,"comment_status":"closed","ping_status":"closed","template":"","meta":{"footnotes":""},"class_list":["post-365","page","type-page","status-publish","hentry"],"yoast_head":"<!-- This site is optimized with the Yoast SEO plugin v25.3.1 - https:\/\/yoast.com\/wordpress\/plugins\/seo\/ -->\n<title>\u0110\u0102NG K\u00cd L\u00c0M GIA S\u01af - GIA S\u01af &Acirc;M NH\u1ea0C - TP.HCM<\/title>\n<meta name=\"robots\" content=\"index, follow, max-snippet:-1, max-image-preview:large, max-video-preview:-1\" \/>\n<link rel=\"canonical\" href=\"https:\/\/giasudaynhac.com\/?page_id=365\" \/>\n<meta property=\"og:locale\" content=\"vi_VN\" \/>\n<meta property=\"og:type\" content=\"article\" \/>\n<meta property=\"og:title\" content=\"\u0110\u0102NG K\u00cd L\u00c0M GIA S\u01af - GIA S\u01af &Acirc;M NH\u1ea0C - TP.HCM\" \/>\n<meta property=\"og:url\" content=\"https:\/\/giasudaynhac.com\/?page_id=365\" \/>\n<meta property=\"og:site_name\" content=\"GIA S\u01af &Acirc;M NH\u1ea0C - TP.HCM\" \/>\n<meta property=\"article:modified_time\" content=\"2018-01-17T09:48:20+00:00\" \/>\n<meta name=\"twitter:card\" content=\"summary_large_image\" \/>\n<script type=\"application\/ld+json\" class=\"yoast-schema-graph\">{\"@context\":\"https:\/\/schema.org\",\"@graph\":[{\"@type\":\"WebPage\",\"@id\":\"https:\/\/giasudaynhac.com\/?page_id=365\",\"url\":\"https:\/\/giasudaynhac.com\/?page_id=365\",\"name\":\"\u0110\u0102NG K\u00cd L\u00c0M GIA S\u01af - GIA S\u01af &Acirc;M NH\u1ea0C - TP.HCM\",\"isPartOf\":{\"@id\":\"https:\/\/giasudaynhac.com\/#website\"},\"datePublished\":\"2018-01-05T17:45:47+00:00\",\"dateModified\":\"2018-01-17T09:48:20+00:00\",\"breadcrumb\":{\"@id\":\"https:\/\/giasudaynhac.com\/?page_id=365#breadcrumb\"},\"inLanguage\":\"vi\",\"potentialAction\":[{\"@type\":\"ReadAction\",\"target\":[\"https:\/\/giasudaynhac.com\/?page_id=365\"]}]},{\"@type\":\"BreadcrumbList\",\"@id\":\"https:\/\/giasudaynhac.com\/?page_id=365#breadcrumb\",\"itemListElement\":[{\"@type\":\"ListItem\",\"position\":1,\"name\":\"Home\",\"item\":\"https:\/\/giasudaynhac.com\/\"},{\"@type\":\"ListItem\",\"position\":2,\"name\":\"\u0110\u0102NG K\u00cd L\u00c0M GIA S\u01af\"}]},{\"@type\":\"WebSite\",\"@id\":\"https:\/\/giasudaynhac.com\/#website\",\"url\":\"https:\/\/giasudaynhac.com\/\",\"name\":\"GIA S\u01af \u00c2M NH\u1ea0C - TP.HCM\",\"description\":\"GI&Aacute;O VI&Ecirc;N V&Agrave; SINH VI&Ecirc;N NH\u1ea0C VI\u1ec6N\",\"potentialAction\":[{\"@type\":\"SearchAction\",\"target\":{\"@type\":\"EntryPoint\",\"urlTemplate\":\"https:\/\/giasudaynhac.com\/?s={search_term_string}\"},\"query-input\":{\"@type\":\"PropertyValueSpecification\",\"valueRequired\":true,\"valueName\":\"search_term_string\"}}],\"inLanguage\":\"vi\"}]}<\/script>\n<!-- \/ Yoast SEO plugin. -->","yoast_head_json":{"title":"\u0110\u0102NG K\u00cd L\u00c0M GIA S\u01af - GIA S\u01af &Acirc;M NH\u1ea0C - TP.HCM","robots":{"index":"index","follow":"follow","max-snippet":"max-snippet:-1","max-image-preview":"max-image-preview:large","max-video-preview":"max-video-preview:-1"},"canonical":"https:\/\/giasudaynhac.com\/?page_id=365","og_locale":"vi_VN","og_type":"article","og_title":"\u0110\u0102NG K\u00cd L\u00c0M GIA S\u01af - GIA S\u01af &Acirc;M NH\u1ea0C - TP.HCM","og_url":"https:\/\/giasudaynhac.com\/?page_id=365","og_site_name":"GIA S\u01af &Acirc;M NH\u1ea0C - TP.HCM","article_modified_time":"2018-01-17T09:48:20+00:00","twitter_card":"summary_large_image","schema":{"@context":"https:\/\/schema.org","@graph":[{"@type":"WebPage","@id":"https:\/\/giasudaynhac.com\/?page_id=365","url":"https:\/\/giasudaynhac.com\/?page_id=365","name":"\u0110\u0102NG K\u00cd L\u00c0M GIA S\u01af - GIA S\u01af &Acirc;M NH\u1ea0C - TP.HCM","isPartOf":{"@id":"https:\/\/giasudaynhac.com\/#website"},"datePublished":"2018-01-05T17:45:47+00:00","dateModified":"2018-01-17T09:48:20+00:00","breadcrumb":{"@id":"https:\/\/giasudaynhac.com\/?page_id=365#breadcrumb"},"inLanguage":"vi","potentialAction":[{"@type":"ReadAction","target":["https:\/\/giasudaynhac.com\/?page_id=365"]}]},{"@type":"BreadcrumbList","@id":"https:\/\/giasudaynhac.com\/?page_id=365#breadcrumb","itemListElement":[{"@type":"ListItem","position":1,"name":"Home","item":"https:\/\/giasudaynhac.com\/"},{"@type":"ListItem","position":2,"name":"\u0110\u0102NG K\u00cd L\u00c0M GIA S\u01af"}]},{"@type":"WebSite","@id":"https:\/\/giasudaynhac.com\/#website","url":"https:\/\/giasudaynhac.com\/","name":"GIA S\u01af \u00c2M NH\u1ea0C - TP.HCM","description":"GI&Aacute;O VI&Ecirc;N V&Agrave; SINH VI&Ecirc;N NH\u1ea0C VI\u1ec6N","potentialAction":[{"@type":"SearchAction","target":{"@type":"EntryPoint","urlTemplate":"https:\/\/giasudaynhac.com\/?s={search_term_string}"},"query-input":{"@type":"PropertyValueSpecification","valueRequired":true,"valueName":"search_term_string"}}],"inLanguage":"vi"}]}},"_links":{"self":[{"href":"https:\/\/giasudaynhac.com\/index.php?rest_route=\/wp\/v2\/pages\/365","targetHints":{"allow":["GET"]}}],"collection":[{"href":"https:\/\/giasudaynhac.com\/index.php?rest_route=\/wp\/v2\/pages"}],"about":[{"href":"https:\/\/giasudaynhac.com\/index.php?rest_route=\/wp\/v2\/types\/page"}],"author":[{"embeddable":true,"href":"https:\/\/giasudaynhac.com\/index.php?rest_route=\/wp\/v2\/users\/2"}],"replies":[{"embeddable":true,"href":"https:\/\/giasudaynhac.com\/index.php?rest_route=%2Fwp%2Fv2%2Fcomments&post=365"}],"version-history":[{"count":14,"href":"https:\/\/giasudaynhac.com\/index.php?rest_route=\/wp\/v2\/pages\/365\/revisions"}],"predecessor-version":[{"id":736,"href":"https:\/\/giasudaynhac.com\/index.php?rest_route=\/wp\/v2\/pages\/365\/revisions\/736"}],"wp:attachment":[{"href":"https:\/\/giasudaynhac.com\/index.php?rest_route=%2Fwp%2Fv2%2Fmedia&parent=365"}],"curies":[{"name":"wp","href":"https:\/\/api.w.org\/{rel}","templated":true}]}}